{"id":57,"date":"2025-02-13T08:25:17","date_gmt":"2025-02-13T07:25:17","guid":{"rendered":"https:\/\/okolnik.pl\/?page_id=57"},"modified":"2025-07-14T09:00:09","modified_gmt":"2025-07-14T07:00:09","slug":"pliki-do-pobrania","status":"publish","type":"page","link":"https:\/\/okolnik.pl\/?page_id=57","title":{"rendered":"Pliki do pobrania"},"content":{"rendered":"<h1><strong>Druki dla nowego dzia\u0142kowca:<\/strong><\/h1>\n<ul>\n<li><a href=\"https:\/\/ozoopole.pzd.pl\/wp-content\/uploads\/2019\/09\/umowa-przeniesienia-prawa-do-dzia%C5%82ki.docx\">umowa przeniesienia praw do dzia\u0142ki<\/a><\/li>\n<li><a href=\"https:\/\/ozoopole.pzd.pl\/wp-content\/uploads\/2017\/12\/wniosek-o-zatwierdzenie-przeniesienia-prawa-do-dzia%C5%82ki.docx\">wniosek dzia\u0142kowca do zarz\u0105du o zatwierdzenie umowy przeniesienia praw do dzia\u0142ki<\/a><\/li>\n<li><a href=\"https:\/\/ozoopole.pzd.pl\/wp-content\/uploads\/2019\/09\/Wzor-deklaracji-czlonkowskiej.docx\">deklaracja cz\u0142onkowska<\/a><\/li>\n<li><a href=\"https:\/\/ozoopole.pzd.pl\/wp-content\/uploads\/2015\/07\/Oswiadczenie-o-wstapieniu-w-prawa-do-dzialki-po-zmarlym-wspolmalzonku.pdf\">o\u015bwiadczenie o wst\u0105pieniu w prawa do dzia\u0142ki po zmar\u0142ym ma\u0142\u017conku<\/a><\/li>\n<li><a href=\"https:\/\/ozoopole.pzd.pl\/wp-content\/uploads\/2016\/08\/wniosek_osoby_bliskiej_o_ustanowienie_prawa_po_zmar%C5%82ym_dziakowcu_3-1.docx\">wniosek osoby bliskiej o ustanowienie prawa do dzia\u0142ki po zmar\u0142ym dzia\u0142kowcu<\/a><br \/>\n<h1><strong>INNE DOKUMENTY:<\/strong><\/h1>\n<\/li>\n<li><a href=\"https:\/\/okolnik.pl\/wp-content\/uploads\/2025\/02\/ustawa_o_ROD.pdf\" target=\"_blank\" rel=\"noopener\">13 grudnia 2013 roku zosta\u0142a uchwalona nowa ustawa o rodzinnych ogrodach dzia\u0142kowych, kt\u00f3ra wesz\u0142a w \u017cycie 19 stycznia 2014 roku.<\/a><\/li>\n<\/ul>\n<ul>\n<li><a href=\"https:\/\/okolnik.pl\/wp-content\/uploads\/2025\/02\/regulamin_ROD.pdf\" target=\"_blank\" rel=\"noopener\">1 stycznia 2019 roku wszed\u0142 w \u017cycie znowelizowany Regulamin ROD. Zmiany zosta\u0142y wprowadzone uchwa\u0142\u0105 nr 3\/XXII\/2018 Krajowej Rady PZD z dnia 28 czerwca 2018 r. w sprawie zmiany Regulaminu Rodzinnego Ogrodu Dzia\u0142kowego.<\/a><\/li>\n<\/ul>\n<ul>\n<li><a href=\"https:\/\/okolnik.pl\/wp-content\/uploads\/2025\/02\/statut_PZD.pdf\" target=\"_blank\" rel=\"noopener\">Statut PZD uchwalony przez XII Krajowy Zjazd Delegat\u00f3w Polskiego Zwi\u0105zku Dzia\u0142kowc\u00f3w w dniu 2 lipca 2015 roku ze zmianami wprowadzonymi przez XIII Krajowy Zjazd Delegat\u00f3w Polskiego Zwi\u0105zku Dzia\u0142kowc\u00f3w w dniu 9 grudnia 2017 roku, zarejestrowany w Krajowym Rejestrze S\u0105dowym w dniu 23 lutego 2018 roku.<\/a><\/li>\n<\/ul>\n<ul>\n<li><a href=\"https:\/\/bip.elblag.eu\/uploads\/files\/2024_MPS_GRUDZIEN.jpg\" target=\"_blank\" rel=\"noopener\">Plan zagospodarowania terenu<\/a><\/li>\n<\/ul>\n","protected":false},"excerpt":{"rendered":"<p>Druki dla nowego dzia\u0142kowca: umowa przeniesienia praw do dzia\u0142ki wniosek dzia\u0142kowca do zarz\u0105du o zatwierdzenie umowy przeniesienia praw do dzia\u0142ki deklaracja cz\u0142onkowska o\u015bwiadczenie o wst\u0105pieniu w prawa do dzia\u0142ki po zmar\u0142ym ma\u0142\u017conku wniosek osoby bliskiej o ustanowienie prawa do dzia\u0142ki po zmar\u0142ym dzia\u0142kowcu INNE DOKUMENTY: 13 grudnia 2013 roku zosta\u0142a uchwalona nowa ustawa o rodzinnych &hellip; <\/p>\n<p class=\"link-more\"><a href=\"https:\/\/okolnik.pl\/?page_id=57\" class=\"more-link\">Continue reading<span class=\"screen-reader-text\"> &#8220;Pliki do pobrania&#8221;<\/span><\/a><\/p>\n","protected":false},"author":1,"featured_media":0,"parent":0,"menu_order":0,"comment_status":"closed","ping_status":"closed","template":"","meta":{"pgc_sgb_lightbox_settings":"","footnotes":""},"class_list":["post-57","page","type-page","status-publish","hentry"],"_links":{"self":[{"href":"https:\/\/okolnik.pl\/index.php?rest_route=\/wp\/v2\/pages\/57","targetHints":{"allow":["GET"]}}],"collection":[{"href":"https:\/\/okolnik.pl\/index.php?rest_route=\/wp\/v2\/pages"}],"about":[{"href":"https:\/\/okolnik.pl\/index.php?rest_route=\/wp\/v2\/types\/page"}],"author":[{"embeddable":true,"href":"https:\/\/okolnik.pl\/index.php?rest_route=\/wp\/v2\/users\/1"}],"replies":[{"embeddable":true,"href":"https:\/\/okolnik.pl\/index.php?rest_route=%2Fwp%2Fv2%2Fcomments&post=57"}],"version-history":[{"count":4,"href":"https:\/\/okolnik.pl\/index.php?rest_route=\/wp\/v2\/pages\/57\/revisions"}],"predecessor-version":[{"id":104,"href":"https:\/\/okolnik.pl\/index.php?rest_route=\/wp\/v2\/pages\/57\/revisions\/104"}],"wp:attachment":[{"href":"https:\/\/okolnik.pl\/index.php?rest_route=%2Fwp%2Fv2%2Fmedia&parent=57"}],"curies":[{"name":"wp","href":"https:\/\/api.w.org\/{rel}","templated":true}]}}